{"id":1048,"date":"2025-07-03T16:27:00","date_gmt":"2025-07-03T16:27:00","guid":{"rendered":"https:\/\/onixhotels.com\/?page_id=1048"},"modified":"2025-12-05T16:35:48","modified_gmt":"2025-12-05T16:35:48","slug":"aviso-legal","status":"publish","type":"page","link":"https:\/\/onixhotels.com\/fr\/aviso-legal\/","title":{"rendered":"Aviso Legal"},"content":{"rendered":"<h3>Titulaire du site web ::<\/h3>\n<p>ICYESA CORNELLA, S.A.<br \/>\nCIF : A08504631<br \/>\nDomicile social : Calle Gran Via de les Corts Catalanes, 967 &#8211; BJ, 08018 Barcelone<br \/>\n(Espagne)<br \/>\nT\u00e9l\u00e9phone : +34 933 034 150<br \/>\nFax : 934 261 981<br \/>\nCourrier \u00e9lectronique : bookings@onixhotels.com<\/p>\n<p>Site web : www.onixhotels.com<\/p>\n<h3>Objet:<\/h3>\n<p>Les pr\u00e9sentes Mentions L\u00e9gales r\u00e9gissent l\u2019utilisation du site web www.onixhotels.com, propri\u00e9t\u00e9 d\u2019ICYESA CORNELLA, S.A. (ci-apr\u00e8s, \u00ab ONIX HOTELS \u00bb).<\/p>\n<p>L\u2019acc\u00e8s et la navigation sur ce site web impliquent l\u2019acceptation pleine et enti\u00e8re des conditions expos\u00e9es ci-dessous.<\/p>\n<h3>Propri\u00e9t\u00e9 intellectuelle et industrielle:<\/h3>\n<p>ONIX HOTELS n\u2019est pas responsable des dommages r\u00e9sultant d\u2019une mauvaise utilisation du site web ou de liens externes ind\u00e9pendants de sa gestion. L\u2019entreprise se r\u00e9serve le droit de modifier \u00e0 tout moment les contenus et configurations du site sans pr\u00e9avis.<\/p>\n<h3>Responsabilit\u00e9:<\/h3>\n<p>ONIX HOTELS n\u2019est pas responsable des dommages r\u00e9sultant d\u2019une mauvaise utilisation du site web ou de liens externes ind\u00e9pendants de sa gestion. L\u2019entreprise se r\u00e9serve le droit de modifier \u00e0 tout moment les contenus et configurations du site sans pr\u00e9avis.<\/p>\n<h3>Communications commerciales:<\/h3>\n<p>Conform\u00e9ment \u00e0 la Loi 34\/2002 (LSSI-CE), ONIX HOTELS n\u2019envoie pas de communications commerciales non sollicit\u00e9es. L\u2019utilisateur peut r\u00e9voquer son consentement ou se d\u00e9sabonner \u00e0 tout moment en \u00e9crivant \u00e0 bookings@onixhotels.com.<\/p>\n<h3>L\u00e9gislation applicable et juridiction:<\/h3>\n<p>Les pr\u00e9sentes Mentions L\u00e9gales sont r\u00e9gies par la l\u00e9gislation espagnole. Tout litige sera soumis aux tribunaux de Barcelone.<\/p>\n","protected":false},"excerpt":{"rendered":"<p>Titulaire du site web :: ICYESA CORNELLA, S.A. CIF : A08504631 Domicile social : Calle Gran Via de les Corts Catalanes, 967 &#8211; BJ, 08018 Barcelone (Espagne) T\u00e9l\u00e9phone : +34 933 034 150 Fax : 934 261 981 Courrier \u00e9lectronique : bookings@onixhotels.com Site web : www.onixhotels.com Objet: Les pr\u00e9sentes Mentions L\u00e9gales r\u00e9gissent l\u2019utilisation du site [&hellip;]<\/p>\n","protected":false},"author":1,"featured_media":900,"parent":0,"menu_order":0,"comment_status":"closed","ping_status":"closed","template":"page-blank.php","meta":{"_acf_changed":false,"footnotes":""},"class_list":["post-1048","page","type-page","status-publish","has-post-thumbnail","hentry"],"acf":[],"_links":{"self":[{"href":"https:\/\/onixhotels.com\/fr\/wp-json\/wp\/v2\/pages\/1048","targetHints":{"allow":["GET"]}}],"collection":[{"href":"https:\/\/onixhotels.com\/fr\/wp-json\/wp\/v2\/pages"}],"about":[{"href":"https:\/\/onixhotels.com\/fr\/wp-json\/wp\/v2\/types\/page"}],"author":[{"embeddable":true,"href":"https:\/\/onixhotels.com\/fr\/wp-json\/wp\/v2\/users\/1"}],"replies":[{"embeddable":true,"href":"https:\/\/onixhotels.com\/fr\/wp-json\/wp\/v2\/comments?post=1048"}],"version-history":[{"count":3,"href":"https:\/\/onixhotels.com\/fr\/wp-json\/wp\/v2\/pages\/1048\/revisions"}],"predecessor-version":[{"id":1096,"href":"https:\/\/onixhotels.com\/fr\/wp-json\/wp\/v2\/pages\/1048\/revisions\/1096"}],"wp:featuredmedia":[{"embeddable":true,"href":"https:\/\/onixhotels.com\/fr\/wp-json\/wp\/v2\/media\/900"}],"wp:attachment":[{"href":"https:\/\/onixhotels.com\/fr\/wp-json\/wp\/v2\/media?parent=1048"}],"curies":[{"name":"wp","href":"https:\/\/api.w.org\/{rel}","templated":true}]}}