{"id":242,"date":"2025-07-03T16:27:00","date_gmt":"2025-07-03T16:27:00","guid":{"rendered":"https:\/\/onixhotels.com\/?page_id=242"},"modified":"2025-11-06T16:20:16","modified_gmt":"2025-11-06T16:20:16","slug":"aviso-legal","status":"publish","type":"page","link":"https:\/\/onixhotels.com\/es\/aviso-legal\/","title":{"rendered":"Aviso Legal"},"content":{"rendered":"<h3>Titular del sitio web:<\/h3>\n<p>ICYESA CORNELLA, S.A.<br \/>\nCIF: A08504631<br \/>\nDomicilio social: Calle Gran Via de les Corts Catalanes, 967 &#8211; BJ, 08018 Barcelona<br \/>\n(Espa\u00f1a)<br \/>\nTel\u00e9fono: +34 933 034 150<br \/>\nFax: 934 261 981<br \/>\nCorreo electr\u00f3nico: bookings@onixhotels.com<br \/>\nSitio web: www.onixhotels.com<\/p>\n<h3>Objeto:<\/h3>\n<p>El presente Aviso Legal regula el uso del sitio web www.onixhotels.com, propiedad de ICYESA CORNELLA, S.A. (en adelante, \u201cONIX HOTELS\u201d).<\/p>\n<p>El acceso y navegaci\u00f3n por este sitio web implican la aceptaci\u00f3n plena de las condiciones aqu\u00ed expuestas.<\/p>\n<h3>Propiedad intelectual e industrial:<\/h3>\n<p>Todos los contenidos del sitio web (textos, im\u00e1genes, dise\u00f1os, logotipos, c\u00f3digo fuente, estructura y dem\u00e1s elementos) son propiedad exclusiva de ONIX HOTELS o de terceros que han autorizado su uso. Queda prohibida su reproducci\u00f3n total o parcial sin autorizaci\u00f3n expresa y por escrito del titular.<\/p>\n<h3>Responsabilidad:<\/h3>\n<p>ONIX HOTELS no se hace responsable de los da\u00f1os derivados del mal uso del sitio web o de enlaces externos ajenos. Se reserva el derecho de modificar en cualquier momento los contenidos y configuraciones del sitio sin previo aviso.<\/p>\n<h3>Comunicaciones comerciales:<\/h3>\n<p>De acuerdo con la Ley 34\/2002 (LSSI-CE), ONIX HOTELS no env\u00eda comunicaciones comerciales no solicitadas. El usuario podr\u00e1 revocar su consentimiento o darse de baja en cualquier momento escribiendo a bookings@onixhotels.com.<\/p>\n<h3>Legislaci\u00f3n aplicable y jurisdicci\u00f3n:<\/h3>\n<p>El presente Aviso Legal se rige por la legislaci\u00f3n espa\u00f1ola. Cualquier controversia se someter\u00e1 a los juzgados y tribunales de Barcelona.<\/p>\n","protected":false},"excerpt":{"rendered":"<p>Titular del sitio web: ICYESA CORNELLA, S.A. CIF: A08504631 Domicilio social: Calle Gran Via de les Corts Catalanes, 967 &#8211; BJ, 08018 Barcelona (Espa\u00f1a) Tel\u00e9fono: +34 933 034 150 Fax: 934 261 981 Correo electr\u00f3nico: bookings@onixhotels.com Sitio web: www.onixhotels.com Objeto: El presente Aviso Legal regula el uso del sitio web www.onixhotels.com, propiedad de ICYESA CORNELLA, [&hellip;]<\/p>\n","protected":false},"author":1,"featured_media":593,"parent":0,"menu_order":0,"comment_status":"closed","ping_status":"closed","template":"page-blank.php","meta":{"_acf_changed":false,"footnotes":""},"class_list":["post-242","page","type-page","status-publish","has-post-thumbnail","hentry"],"acf":[],"_links":{"self":[{"href":"https:\/\/onixhotels.com\/es\/wp-json\/wp\/v2\/pages\/242","targetHints":{"allow":["GET"]}}],"collection":[{"href":"https:\/\/onixhotels.com\/es\/wp-json\/wp\/v2\/pages"}],"about":[{"href":"https:\/\/onixhotels.com\/es\/wp-json\/wp\/v2\/types\/page"}],"author":[{"embeddable":true,"href":"https:\/\/onixhotels.com\/es\/wp-json\/wp\/v2\/users\/1"}],"replies":[{"embeddable":true,"href":"https:\/\/onixhotels.com\/es\/wp-json\/wp\/v2\/comments?post=242"}],"version-history":[{"count":2,"href":"https:\/\/onixhotels.com\/es\/wp-json\/wp\/v2\/pages\/242\/revisions"}],"predecessor-version":[{"id":1119,"href":"https:\/\/onixhotels.com\/es\/wp-json\/wp\/v2\/pages\/242\/revisions\/1119"}],"wp:featuredmedia":[{"embeddable":true,"href":"https:\/\/onixhotels.com\/es\/wp-json\/wp\/v2\/media\/593"}],"wp:attachment":[{"href":"https:\/\/onixhotels.com\/es\/wp-json\/wp\/v2\/media?parent=242"}],"curies":[{"name":"wp","href":"https:\/\/api.w.org\/{rel}","templated":true}]}}